{"id":108,"date":"2024-10-30T16:40:11","date_gmt":"2024-10-30T21:40:11","guid":{"rendered":"http:\/\/localhost\/Proy_lili\/?page_id=108"},"modified":"2025-09-12T17:08:08","modified_gmt":"2025-09-12T22:08:08","slug":"normatividad","status":"publish","type":"page","link":"https:\/\/www.rstelecomunicaciones.com\/?page_id=108","title":{"rendered":"Normatividad"},"content":{"rendered":"\n<p class=\"has-text-align-left\">En el sector de las telecomunicaciones, la normatividad juega un papel fundamental para garantizar la calidad, seguridad y transparencia en la prestaci\u00f3n de los servicios. Cumplir con las regulaciones establecidas por los entes gubernamentales y organismos especializados no solo asegura el correcto funcionamiento de las redes y la infraestructura, sino que tambi\u00e9n protege los derechos de los usuarios y fomenta un entorno competitivo y equitativo.<\/p>\n\n\n\n<p>En <strong>R.S.T ZOMAC S.A.S<\/strong>, nos regimos por las normativas nacionales e internacionales aplicables al sector, asegurando que nuestros procesos operativos, t\u00e9cnicos y comerciales cumplan con los m\u00e1s altos est\u00e1ndares. Esto nos permite ofrecer servicios confiables, garantizar la privacidad de nuestros clientes y responder de manera efectiva a cualquier eventualidad.<\/p>\n\n\n\n<p>Nuestro compromiso con la normatividad tambi\u00e9n se traduce en transparencia, responsabilidad y mejora continua, contribuyendo al desarrollo de un ecosistema digital seguro y eficiente para todos.<\/p>\n\n\n\n<div style=\"height:58px\" aria-hidden=\"true\" class=\"wp-block-spacer\"><\/div>\n","protected":false},"excerpt":{"rendered":"<p>En el sector de las telecomunicaciones, la normatividad juega un papel fundamental para garantizar la calidad, seguridad y transparencia en la prestaci\u00f3n de los servicios. Cumplir con las regulaciones establecidas por los entes gubernamentales y organismos especializados no solo asegura el correcto funcionamiento de las redes y la infraestructura, sino que tambi\u00e9n protege los derechos &hellip; <\/p>\n<p class=\"link-more\"><a href=\"https:\/\/www.rstelecomunicaciones.com\/?page_id=108\" class=\"more-link\">Leer m\u00e1s<span class=\"screen-reader-text\"> \u00abNormatividad\u00bb<\/span><\/a><\/p>\n","protected":false},"author":1,"featured_media":946,"parent":0,"menu_order":0,"comment_status":"closed","ping_status":"closed","template":"","meta":{"footnotes":""},"class_list":["post-108","page","type-page","status-publish","has-post-thumbnail","hentry"],"_links":{"self":[{"href":"https:\/\/www.rstelecomunicaciones.com\/index.php?rest_route=\/wp\/v2\/pages\/108","targetHints":{"allow":["GET"]}}],"collection":[{"href":"https:\/\/www.rstelecomunicaciones.com\/index.php?rest_route=\/wp\/v2\/pages"}],"about":[{"href":"https:\/\/www.rstelecomunicaciones.com\/index.php?rest_route=\/wp\/v2\/types\/page"}],"author":[{"embeddable":true,"href":"https:\/\/www.rstelecomunicaciones.com\/index.php?rest_route=\/wp\/v2\/users\/1"}],"replies":[{"embeddable":true,"href":"https:\/\/www.rstelecomunicaciones.com\/index.php?rest_route=%2Fwp%2Fv2%2Fcomments&post=108"}],"version-history":[{"count":4,"href":"https:\/\/www.rstelecomunicaciones.com\/index.php?rest_route=\/wp\/v2\/pages\/108\/revisions"}],"predecessor-version":[{"id":839,"href":"https:\/\/www.rstelecomunicaciones.com\/index.php?rest_route=\/wp\/v2\/pages\/108\/revisions\/839"}],"wp:featuredmedia":[{"embeddable":true,"href":"https:\/\/www.rstelecomunicaciones.com\/index.php?rest_route=\/wp\/v2\/media\/946"}],"wp:attachment":[{"href":"https:\/\/www.rstelecomunicaciones.com\/index.php?rest_route=%2Fwp%2Fv2%2Fmedia&parent=108"}],"curies":[{"name":"wp","href":"https:\/\/api.w.org\/{rel}","templated":true}]}}