{"id":152,"date":"2024-10-31T08:07:31","date_gmt":"2024-10-31T13:07:31","guid":{"rendered":"http:\/\/localhost\/Proy_lili\/?page_id=152"},"modified":"2025-02-04T16:33:13","modified_gmt":"2025-02-04T21:33:13","slug":"procedimiento-pqr","status":"publish","type":"page","link":"https:\/\/www.rstelecomunicaciones.com\/?page_id=152","title":{"rendered":"Procedimiento PQR"},"content":{"rendered":"\n<h2 class=\"wp-block-heading\">Procedimiento PQR\u00b4S<\/h2>\n\n\n\n<p>En en cumplimiento del R\u00e9gimen General de Habeas Data, regulado por la Ley 1581 de 2012 y sus Decretos reglamentarios; la empresa R.S.T ZOMAC SAS identificada con NIT. 901221916-8 y direcci\u00f3n electr\u00f3nica representacionlegal@rstelecomunicaciones.com como empresa que almacena y recolecta datos de car\u00e1cter personal, y en calidad de RESPONSABLE, debe informarle lo siguiente:<\/p>\n\n\n\n<p>Los datos personales solicitados durante la navegaci\u00f3n en la p\u00e1gina web de R.S.T ZOMAC SAS , ser\u00e1n tratados de acuerdo a las finalidades relacionadas con el objeto social de la compa\u00f1\u00eda y en especial para responder a las inquietudes allegadas a trav\u00e9s de este canal; y remitir informaci\u00f3n que se considere de inter\u00e9s a trav\u00e9s de boletines electr\u00f3nicos. Los datos personales y de contacto solicitados ser\u00e1n conservados en una base de datos de la sociedad mientras se conserve una relaci\u00f3n de tipo contractual o legal con el titular de la informaci\u00f3n, y en todo caso por un periodo m\u00e1ximo de dos (2) a\u00f1os una vez finalizada tal relaci\u00f3n con el titular, con el \u00fanico fin de cumplir con la obligaci\u00f3n legal de conservaci\u00f3n de archivo, atender solicitudes de autoridades y\/o fines estad\u00edsticos.<\/p>\n\n\n\n<p>Como titular de la informaci\u00f3n, tiene los derechos a conocer, actualizar y rectificar sus datos personales; solicitar la revocaci\u00f3n de la autorizaci\u00f3n y\/o solicitar la supresi\u00f3n del dato cuando en el tratamiento realizado no se respeten los principios, derechos y garant\u00edas constitucionales y legales; y acceder en forma gratuita a sus datos personales objeto de tratamiento.<\/p>\n\n\n\n<p>En caso de querer presentar Consultas, Quejas o Reclamos puede realizar la solicitud al siguiente correo electr\u00f3nico <a href=\"mailto:pqrs@rstelecomunicaciones.com\">pqrs@rstelecomunicaciones.com<\/a> o de forma presencial en las siguientes direcciones: Cra. 23 #N\u00b0 05-12, Fortul, Arauca.<\/p>\n\n\n\n<p><strong>Petici\u00f3n:<\/strong>&nbsp;Cualquier solicitud de servicios o de informaci\u00f3n asociada a la prestaci\u00f3n de los mismos o cualquier manifestaci\u00f3n verbal o escrita del usuario, mediante el cual se solicite ante el proveedor alg\u00fan derecho derivado del contrato o inherente a \u00e9l. Cualquier Petici\u00f3n o Queja asociada con la facturaci\u00f3n podr\u00e1 presentarse m\u00e1ximo dentro de los seis (6) meses siguientes contados a partir del vencimiento del pago oportuno de la factura.<\/p>\n\n\n\n<p><strong>Queja:<\/strong>&nbsp;Es cualquier manifestaci\u00f3n verbal o escrita de inconformidad asociada a: La facturaci\u00f3n Forma y condiciones en que se ha prestado o dejado de prestar alg\u00fan servicio, la calidad en la atenci\u00f3n al usuario.<\/p>\n\n\n\n<p><strong>Recursos:<\/strong>&nbsp;Se\u00f1or Usuario: recuerde que dentro de los siguientes diez (10) d\u00edas h\u00e1biles contados a partir de que usted tiene conocimiento frente a la decisi\u00f3n de su Petici\u00f3n o Queja, si lo elige, puede presentar recurso de reposici\u00f3n o recurso de reposici\u00f3n en subsidio de apelaci\u00f3n, los cuales se definen como:<\/p>\n\n\n\n<p><strong>Recurso de reposici\u00f3n:&nbsp;<\/strong>Es cualquier manifestaci\u00f3n de inconformidad del usuario respecto de la decisi\u00f3n tomada por el proveedor frente a una petici\u00f3n o queja, expresada ante el proveedor para que \u00e9ste mismo aclare, modifique o revoque dicha decisi\u00f3n. Recuerde que cualquier Petici\u00f3n o Queja asociada con la facturaci\u00f3n podr\u00e1 presentarse m\u00e1ximo dentro de los seis (6) meses siguientes contados a partir del vencimiento del pago oportuno de la factura.<\/p>\n\n\n\n<p><strong>Recurso de reposici\u00f3n en subsidio de apelaci\u00f3n:&nbsp;<\/strong>Es cualquier manifestaci\u00f3n de inconformidad del usuario respecto de la decisi\u00f3n tomada por el proveedor, para ser revisada y decidida por la Superintendencia de Industria y Comercio \u2013SIC-. Se presenta en subsidio y de manera simult\u00e1nea al recurso de reposici\u00f3n, es decir, que si el usuario as\u00ed lo quiere, lo presenta en el mismo momento que presenta el recurso de reposici\u00f3n y, en caso que el proveedor confirme la negativa frente a las pretensiones del usuario, dicho proveedor deber\u00e1 entregar el expediente completo a la SIC para que \u00e9sta lo revise y decida de fondo.<\/p>\n\n\n\n<p>Para m\u00e1s informaci\u00f3n sobre nuestra Pol\u00edtica de Tratamiento de datos personales y sus modificaciones&nbsp;<a href=\"https:\/\/www.rstelecomunicaciones.com\/?page_id=158\">consulte aqu\u00ed.<\/a><\/p>\n\n\n\n<p><\/p>\n","protected":false},"excerpt":{"rendered":"<p>Procedimiento PQR\u00b4S En en cumplimiento del R\u00e9gimen General de Habeas Data, regulado por la Ley 1581 de 2012 y sus Decretos reglamentarios; la empresa R.S.T ZOMAC SAS identificada con NIT. 901221916-8 y direcci\u00f3n electr\u00f3nica representacionlegal@rstelecomunicaciones.com como empresa que almacena y recolecta datos de car\u00e1cter personal, y en calidad de RESPONSABLE, debe informarle lo siguiente: Los &hellip; <\/p>\n<p class=\"link-more\"><a href=\"https:\/\/www.rstelecomunicaciones.com\/?page_id=152\" class=\"more-link\">Leer m\u00e1s<span class=\"screen-reader-text\"> \u00abProcedimiento PQR\u00bb<\/span><\/a><\/p>\n","protected":false},"author":1,"featured_media":609,"parent":2,"menu_order":0,"comment_status":"closed","ping_status":"closed","template":"","meta":{"footnotes":""},"class_list":["post-152","page","type-page","status-publish","has-post-thumbnail","hentry"],"_links":{"self":[{"href":"https:\/\/www.rstelecomunicaciones.com\/index.php?rest_route=\/wp\/v2\/pages\/152","targetHints":{"allow":["GET"]}}],"collection":[{"href":"https:\/\/www.rstelecomunicaciones.com\/index.php?rest_route=\/wp\/v2\/pages"}],"about":[{"href":"https:\/\/www.rstelecomunicaciones.com\/index.php?rest_route=\/wp\/v2\/types\/page"}],"author":[{"embeddable":true,"href":"https:\/\/www.rstelecomunicaciones.com\/index.php?rest_route=\/wp\/v2\/users\/1"}],"replies":[{"embeddable":true,"href":"https:\/\/www.rstelecomunicaciones.com\/index.php?rest_route=%2Fwp%2Fv2%2Fcomments&post=152"}],"version-history":[{"count":9,"href":"https:\/\/www.rstelecomunicaciones.com\/index.php?rest_route=\/wp\/v2\/pages\/152\/revisions"}],"predecessor-version":[{"id":824,"href":"https:\/\/www.rstelecomunicaciones.com\/index.php?rest_route=\/wp\/v2\/pages\/152\/revisions\/824"}],"up":[{"embeddable":true,"href":"https:\/\/www.rstelecomunicaciones.com\/index.php?rest_route=\/wp\/v2\/pages\/2"}],"wp:featuredmedia":[{"embeddable":true,"href":"https:\/\/www.rstelecomunicaciones.com\/index.php?rest_route=\/wp\/v2\/media\/609"}],"wp:attachment":[{"href":"https:\/\/www.rstelecomunicaciones.com\/index.php?rest_route=%2Fwp%2Fv2%2Fmedia&parent=152"}],"curies":[{"name":"wp","href":"https:\/\/api.w.org\/{rel}","templated":true}]}}