{"id":160,"date":"2024-10-31T08:07:31","date_gmt":"2024-10-31T13:07:31","guid":{"rendered":"http:\/\/localhost\/Proy_lili\/?page_id=160"},"modified":"2024-11-13T11:58:08","modified_gmt":"2024-11-13T16:58:08","slug":"informacion-sobre-conexion","status":"publish","type":"page","link":"https:\/\/www.rstelecomunicaciones.com\/?page_id=160","title":{"rendered":"Informaci\u00f3n sobre conexion"},"content":{"rendered":"\n<h2 class=\"wp-block-heading has-text-align-center\">Informe detallado sobre las caracter\u00edsticas del servicio de acceso a Internet de <strong>R.S.T<\/strong><\/h2>\n\n\n\n<p class=\"has-text-align-left\">En <strong>R.S.T.<\/strong>, nos especializamos en ofrecer soluciones de acceso a Internet de alta calidad, dise\u00f1adas para satisfacer las necesidades de conectividad de nuestros clientes, ya sean residenciales, comerciales o empresariales. Nuestro compromiso es proporcionar un servicio confiable, r\u00e1pido y seguro, garantizando una experiencia de navegaci\u00f3n sin interrupciones. En este informe, detallamos las caracter\u00edsticas principales de nuestros servicios y las ventajas que ofrecemos a nuestros usuarios.<\/p>\n\n\n\n<p><strong>Velocidad de Acceso<\/strong><br>Ofrecemos planes con velocidades optimizadas tanto para descargas como para cargas de datos. Garantizamos un rendimiento constante con velocidades m\u00e1ximas y m\u00ednimas, adaptadas a cada plan, para asegurar una experiencia de navegaci\u00f3n eficiente.<\/p>\n\n\n\n<p><strong>Calidad del Servicio<\/strong><br>Monitoreamos y optimizamos aspectos clave como la latencia, jitter y p\u00e9rdida de paquetes para garantizar una conexi\u00f3n estable y de alta calidad. Nuestro servicio est\u00e1 respaldado por un soporte t\u00e9cnico disponible las 24 horas, los 7 d\u00edas de la semana.<\/p>\n\n\n\n<h4 class=\"wp-block-heading\"><strong>Tipos de Servicio<\/strong><\/h4>\n\n\n\n<ul class=\"wp-block-list\">\n<li><strong>Planes Residenciales<\/strong>: Conexi\u00f3n r\u00e1pida y estable para el hogar.<\/li>\n\n\n\n<li><strong>Planes Comerciales<\/strong>: Soluciones adaptadas a peque\u00f1as y medianas empresas.<\/li>\n\n\n\n<li><strong>Planes Empresariales<\/strong>: Infraestructura robusta y soporte dedicado para grandes empresas.<\/li>\n<\/ul>\n\n\n\n<p><strong>Garant\u00edas del Servicio<\/strong><br><strong>R.S.T.<\/strong> asegura un servicio disponible la mayor parte del tiempo y tiempos de respuesta r\u00e1pidos para resolver cualquier incidencia, garantizando la satisfacci\u00f3n del cliente.<\/p>\n\n\n\n<p><strong>Cobertura<\/strong><br>Nuestra red cubre amplias zonas urbanas y rurales, ofreciendo acceso confiable a Internet en todo el Municipio de Fortul.<\/p>\n\n\n\n<p>En <strong>R.S.T.<\/strong>, nos comprometemos a proporcionar un acceso a Internet de alta calidad, con planes flexibles, soporte continuo y seguridad avanzada. Para m\u00e1s informaci\u00f3n sobre nuestros servicios, cont\u00e1ctanos.<\/p>\n","protected":false},"excerpt":{"rendered":"<p>Informe detallado sobre las caracter\u00edsticas del servicio de acceso a Internet de R.S.T En R.S.T., nos especializamos en ofrecer soluciones de acceso a Internet de alta calidad, dise\u00f1adas para satisfacer las necesidades de conectividad de nuestros clientes, ya sean residenciales, comerciales o empresariales. Nuestro compromiso es proporcionar un servicio confiable, r\u00e1pido y seguro, garantizando una &hellip; <\/p>\n<p class=\"link-more\"><a href=\"https:\/\/www.rstelecomunicaciones.com\/?page_id=160\" class=\"more-link\">Leer m\u00e1s<span class=\"screen-reader-text\"> \u00abInformaci\u00f3n sobre conexion\u00bb<\/span><\/a><\/p>\n","protected":false},"author":1,"featured_media":549,"parent":108,"menu_order":0,"comment_status":"closed","ping_status":"closed","template":"","meta":{"footnotes":""},"class_list":["post-160","page","type-page","status-publish","has-post-thumbnail","hentry"],"_links":{"self":[{"href":"https:\/\/www.rstelecomunicaciones.com\/index.php?rest_route=\/wp\/v2\/pages\/160","targetHints":{"allow":["GET"]}}],"collection":[{"href":"https:\/\/www.rstelecomunicaciones.com\/index.php?rest_route=\/wp\/v2\/pages"}],"about":[{"href":"https:\/\/www.rstelecomunicaciones.com\/index.php?rest_route=\/wp\/v2\/types\/page"}],"author":[{"embeddable":true,"href":"https:\/\/www.rstelecomunicaciones.com\/index.php?rest_route=\/wp\/v2\/users\/1"}],"replies":[{"embeddable":true,"href":"https:\/\/www.rstelecomunicaciones.com\/index.php?rest_route=%2Fwp%2Fv2%2Fcomments&post=160"}],"version-history":[{"count":4,"href":"https:\/\/www.rstelecomunicaciones.com\/index.php?rest_route=\/wp\/v2\/pages\/160\/revisions"}],"predecessor-version":[{"id":552,"href":"https:\/\/www.rstelecomunicaciones.com\/index.php?rest_route=\/wp\/v2\/pages\/160\/revisions\/552"}],"up":[{"embeddable":true,"href":"https:\/\/www.rstelecomunicaciones.com\/index.php?rest_route=\/wp\/v2\/pages\/108"}],"wp:featuredmedia":[{"embeddable":true,"href":"https:\/\/www.rstelecomunicaciones.com\/index.php?rest_route=\/wp\/v2\/media\/549"}],"wp:attachment":[{"href":"https:\/\/www.rstelecomunicaciones.com\/index.php?rest_route=%2Fwp%2Fv2%2Fmedia&parent=160"}],"curies":[{"name":"wp","href":"https:\/\/api.w.org\/{rel}","templated":true}]}}