{"id":2,"date":"2024-10-30T11:22:52","date_gmt":"2024-10-30T16:22:52","guid":{"rendered":"http:\/\/localhost\/Proy_lili\/?page_id=2"},"modified":"2025-09-25T16:04:24","modified_gmt":"2025-09-25T21:04:24","slug":"pagina-ejemplo","status":"publish","type":"page","link":"https:\/\/www.rstelecomunicaciones.com\/?page_id=2","title":{"rendered":"Soporte"},"content":{"rendered":"\n<div class=\"wp-block-columns is-layout-flex wp-container-core-columns-is-layout-28f84493 wp-block-columns-is-layout-flex\">\n<div class=\"wp-block-column is-layout-flow wp-block-column-is-layout-flow\">\n<figure class=\"wp-block-image aligncenter size-full is-resized\"><img loading=\"lazy\" decoding=\"async\" width=\"1181\" height=\"1476\" src=\"https:\/\/www.rstelecomunicaciones.com\/wp-content\/uploads\/2024\/11\/368772211_628118972721654_5701485585495300673_n.jpg\" alt=\"\" class=\"wp-image-578\" style=\"width:403px;height:auto\"\/><\/figure>\n<\/div>\n\n\n\n<div class=\"wp-block-column is-layout-flow wp-block-column-is-layout-flow\">\n<h2 class=\"wp-block-heading\">Oficina de atenci\u00f3n al usuario<\/h2>\n\n\n\n<h3 class=\"wp-block-heading\">Horario de atenci\u00f3n<\/h3>\n\n\n\n<p>Lunes &#8211; Viernes :7:30 am a 5:30 pm<\/p>\n\n\n\n<h3 class=\"wp-block-heading\">L\u00edneas de atenci\u00f3n <\/h3>\n\n\n\n<p>Tel\u00e9fono: 8820035 ext 201<\/p>\n\n\n\n<p>WhatsApp: 3185991611<\/p>\n\n\n\n<h3 class=\"wp-block-heading\">Direcci\u00f3n<\/h3>\n\n\n\n<p>Cra 23 # 5 \u2013 6. Barrio Centro \u2013&nbsp; Fortul (Arauca)<\/p>\n<\/div>\n<\/div>\n\n\n\n<p><\/p>\n\n\n\n<div class=\"wp-block-columns is-layout-flex wp-container-core-columns-is-layout-28f84493 wp-block-columns-is-layout-flex\">\n<div class=\"wp-block-column is-vertically-aligned-center is-layout-flow wp-block-column-is-layout-flow\">\n<h2 class=\"wp-block-heading alignwide has-text-align-center\">\u00bfComo llegar a nosotros?<\/h2>\n\n\n\n<p class=\"has-text-align-center\">Puedes visitarnos en nuestra oficina, ubicada en la Cra 23 # 5 \u2013 6. Barrio Centro \u2013\u00a0 Fortul (Arauca) para recibir atenci\u00f3n directa.<\/p>\n<\/div>\n\n\n\n<div class=\"wp-block-column is-layout-flow wp-block-column-is-layout-flow\">\n<iframe src=\"https:\/\/www.google.com\/maps\/embed?pb=!1m18!1m12!1m3!1d3961.82417045405!2d-71.7749381241826!3d6.791238319992446!2m3!1f0!2f0!3f0!3m2!1i1024!2i768!4f13.1!3m3!1m2!1s0x8e6f29964153742b%3A0x7e9e6674057bd80!2sR.S.T%20ZOMAC%20S.A.S!5e0!3m2!1sen!2sco!4v1731528991999!5m2!1sen!2sco\" width=\"600\" height=\"450\" style=\"border:0;\" allowfullscreen=\"\" loading=\"lazy\" referrerpolicy=\"no-referrer-when-downgrade\"><\/iframe>\n<\/div>\n<\/div>\n\n\n\n<div class=\"wp-block-columns is-layout-flex wp-container-core-columns-is-layout-28f84493 wp-block-columns-is-layout-flex\">\n<div class=\"wp-block-column is-layout-flow wp-block-column-is-layout-flow\">\n<figure class=\"wp-block-image aligncenter size-full is-resized\"><img loading=\"lazy\" decoding=\"async\" width=\"1181\" height=\"1476\" src=\"https:\/\/www.rstelecomunicaciones.com\/wp-content\/uploads\/2024\/10\/RST-1.jpg\" alt=\"\" class=\"wp-image-28\" style=\"width:406px;height:auto\"\/><\/figure>\n<\/div>\n\n\n\n<div class=\"wp-block-column is-vertically-aligned-center is-layout-flow wp-block-column-is-layout-flow\">\n<h2 class=\"wp-block-heading\">Formato PQR\u00b4S<\/h2>\n\n\n\n<p>Si desea presentar consultas, quejas o reclamos, puede enviarnos su solicitud al correo electr\u00f3nico <a>pqrs@rstelecomunicaciones.com<\/a> o hacerlo de manera presencial en nuestra oficina ubicada en la siguiente direcci\u00f3n: Cra 23 # 5 \u2013 6. Barrio Centro \u2013\u00a0 Fortul (Arauca)<\/p>\n<\/div>\n<\/div>\n\n\n\n<div class=\"wp-block-columns is-layout-flex wp-container-core-columns-is-layout-28f84493 wp-block-columns-is-layout-flex\">\n<div class=\"wp-block-column is-vertically-aligned-center is-layout-flow wp-block-column-is-layout-flow\">\n<h2 class=\"wp-block-heading has-text-align-center\">\u00bfC\u00f3mo radicar tu formulario PQR?<\/h2>\n\n\n\n<p class=\"has-text-align-center\">Le invitamos a presentar su solicitud de manera f\u00e1cil y r\u00e1pida utilizando el formato PQR. A trav\u00e9s de nuestro sitio web, podr\u00e1 completar y enviar su PQR de forma sencilla.<\/p>\n\n\n\n<div class=\"wp-block-buttons is-content-justification-center is-layout-flex wp-container-core-buttons-is-layout-a89b3969 wp-block-buttons-is-layout-flex\">\n<div class=\"wp-block-button\"><a class=\"wp-block-button__link has-background wp-element-button\" href=\"https:\/\/www.rstelecomunicaciones.com\/?page_id=153\" style=\"background-color:#0913df\">Ir al formulario PQR<\/a><\/div>\n<\/div>\n<\/div>\n\n\n\n<div class=\"wp-block-column is-layout-flow wp-block-column-is-layout-flow\">\n<figure class=\"wp-block-image aligncenter size-full is-resized\"><img loading=\"lazy\" decoding=\"async\" width=\"1080\" height=\"1350\" src=\"https:\/\/www.rstelecomunicaciones.com\/wp-content\/uploads\/2024\/11\/WhatsApp-Image-2024-11-01-at-4.43.33-PM.jpeg\" alt=\"\" class=\"wp-image-492\" style=\"width:395px;height:auto\"\/><\/figure>\n<\/div>\n<\/div>\n\n\n\n<p><\/p>\n","protected":false},"excerpt":{"rendered":"<p>Oficina de atenci\u00f3n al usuario Horario de atenci\u00f3n Lunes &#8211; Viernes :7:30 am a 5:30 pm L\u00edneas de atenci\u00f3n Tel\u00e9fono: 8820035 ext 201 WhatsApp: 3185991611 Direcci\u00f3n Cra 23 # 5 \u2013 6. Barrio Centro \u2013&nbsp; Fortul (Arauca) \u00bfComo llegar a nosotros? Puedes visitarnos en nuestra oficina, ubicada en la Cra 23 # 5 \u2013 6. &hellip; <\/p>\n<p class=\"link-more\"><a href=\"https:\/\/www.rstelecomunicaciones.com\/?page_id=2\" class=\"more-link\">Leer m\u00e1s<span class=\"screen-reader-text\"> \u00abSoporte\u00bb<\/span><\/a><\/p>\n","protected":false},"author":1,"featured_media":119,"parent":0,"menu_order":0,"comment_status":"closed","ping_status":"closed","template":"","meta":{"footnotes":""},"class_list":["post-2","page","type-page","status-publish","has-post-thumbnail","hentry"],"_links":{"self":[{"href":"https:\/\/www.rstelecomunicaciones.com\/index.php?rest_route=\/wp\/v2\/pages\/2","targetHints":{"allow":["GET"]}}],"collection":[{"href":"https:\/\/www.rstelecomunicaciones.com\/index.php?rest_route=\/wp\/v2\/pages"}],"about":[{"href":"https:\/\/www.rstelecomunicaciones.com\/index.php?rest_route=\/wp\/v2\/types\/page"}],"author":[{"embeddable":true,"href":"https:\/\/www.rstelecomunicaciones.com\/index.php?rest_route=\/wp\/v2\/users\/1"}],"replies":[{"embeddable":true,"href":"https:\/\/www.rstelecomunicaciones.com\/index.php?rest_route=%2Fwp%2Fv2%2Fcomments&post=2"}],"version-history":[{"count":28,"href":"https:\/\/www.rstelecomunicaciones.com\/index.php?rest_route=\/wp\/v2\/pages\/2\/revisions"}],"predecessor-version":[{"id":1014,"href":"https:\/\/www.rstelecomunicaciones.com\/index.php?rest_route=\/wp\/v2\/pages\/2\/revisions\/1014"}],"wp:featuredmedia":[{"embeddable":true,"href":"https:\/\/www.rstelecomunicaciones.com\/index.php?rest_route=\/wp\/v2\/media\/119"}],"wp:attachment":[{"href":"https:\/\/www.rstelecomunicaciones.com\/index.php?rest_route=%2Fwp%2Fv2%2Fmedia&parent=2"}],"curies":[{"name":"wp","href":"https:\/\/api.w.org\/{rel}","templated":true}]}}