{"id":8,"date":"2024-10-30T11:33:49","date_gmt":"2024-10-30T16:33:49","guid":{"rendered":"http:\/\/localhost\/Proy_lili\/?page_id=8"},"modified":"2025-10-15T10:48:26","modified_gmt":"2025-10-15T15:48:26","slug":"homepage","status":"publish","type":"page","link":"https:\/\/www.rstelecomunicaciones.com\/","title":{"rendered":"Inicio"},"content":{"rendered":"\n<div class=\"wp-block-cover alignfull\" style=\"min-height:903px;aspect-ratio:unset;\"><img loading=\"lazy\" decoding=\"async\" width=\"1920\" height=\"1080\" class=\"wp-block-cover__image-background wp-image-1008\" alt=\"\" src=\"https:\/\/www.rstelecomunicaciones.com\/wp-content\/uploads\/2025\/09\/LA-MEJOR-MENERA-DE-CONECTARsE-10.png\" data-object-fit=\"cover\" srcset=\"https:\/\/www.rstelecomunicaciones.com\/wp-content\/uploads\/2025\/09\/LA-MEJOR-MENERA-DE-CONECTARsE-10.png 1920w, https:\/\/www.rstelecomunicaciones.com\/wp-content\/uploads\/2025\/09\/LA-MEJOR-MENERA-DE-CONECTARsE-10-300x169.png 300w, https:\/\/www.rstelecomunicaciones.com\/wp-content\/uploads\/2025\/09\/LA-MEJOR-MENERA-DE-CONECTARsE-10-1024x576.png 1024w\" sizes=\"auto, (max-width: 1920px) 100vw, 1920px\" \/><span aria-hidden=\"true\" class=\"wp-block-cover__background has-background-dim-0 has-background-dim\"><\/span><div class=\"wp-block-cover__inner-container is-layout-flow wp-block-cover-is-layout-flow\">\n<div class=\"wp-block-buttons has-custom-font-size has-x-small-font-size is-horizontal is-content-justification-center is-layout-flex wp-container-core-buttons-is-layout-f76e86e3 wp-block-buttons-is-layout-flex\" style=\"border-style:none;border-width:0px;padding-top:0;padding-bottom:0\"><\/div>\n\n\n\n<div style=\"height:58px\" aria-hidden=\"true\" class=\"wp-block-spacer\"><\/div>\n\n\n\n<div class=\"wp-block-buttons is-content-justification-center is-layout-flex wp-container-core-buttons-is-layout-a89b3969 wp-block-buttons-is-layout-flex\">\n<div class=\"wp-block-button is-style-outline is-style-outline--1\"><a class=\"wp-block-button__link has-custom-font-size wp-element-button\" href=\"https:\/\/www.rstelecomunicaciones.com\/?page_id=150\" style=\"font-size:13px;font-style:normal;font-weight:100\">TEST DE VELOVIDAD<\/a><\/div>\n<\/div>\n<\/div><\/div>\n\n\n\n<div class=\"wp-block-group alignfull pattern_multiple_covers has-background has-global-padding is-layout-constrained wp-block-group-is-layout-constrained\" id=\"services\" style=\"background-color:#e5f2ffbd\">\n<h2 class=\"wp-block-heading has-text-align-center has-x-large-font-size\">\u00bfDe qu\u00e9 manera podemos ayudarte?<\/h2>\n\n\n\n<div class=\"wp-block-columns is-layout-flex wp-container-core-columns-is-layout-28f84493 wp-block-columns-is-layout-flex\">\n<div class=\"wp-block-column is-layout-flow wp-block-column-is-layout-flow\">\n<div class=\"alignnormal\"><div id=\"metaslider-id-899\" style=\"width: 100%; margin: 0 auto;\" class=\"ml-slider-3-108-0 metaslider metaslider-flex metaslider-899 ml-slider has-dots-nav has-carousel-mode ms-theme-clarity\" role=\"region\" aria-label=\"Nueva presentaci\u00f3n de diapositivas\" data-height=\"550\" data-width=\"450\">\n    <div id=\"metaslider_container_899\">\n        <div id=\"metaslider_899\">\n            <ul aria-live='off' class='slides'>\n                <li style=\"display: none; width: 100%;\" class=\"slide-904 ms-image \" aria-roledescription=\"slide\" data-date=\"2025-09-11 11:36:49\" data-filename=\"sistema-B2CHAT-Diseno-1-450x550.jpg\" data-slide-type=\"image\"><img loading=\"lazy\" decoding=\"async\" src=\"https:\/\/www.rstelecomunicaciones.com\/wp-content\/uploads\/2025\/09\/sistema-B2CHAT-Diseno-1-450x550.jpg\" height=\"550\" width=\"450\" alt=\"\" class=\"slider-899 slide-904 msDefaultImage\" title=\"sistema B2CHAT (Dise\u00f1o 1)\" \/><\/li>\n                <li style=\"display: none; width: 100%;\" class=\"slide-908 ms-image \" aria-roledescription=\"slide\" data-date=\"2025-09-11 11:43:04\" data-filename=\"sistema-B2CHAT-Diseno-2-450x550.jpg\" data-slide-type=\"image\"><img loading=\"lazy\" decoding=\"async\" src=\"https:\/\/www.rstelecomunicaciones.com\/wp-content\/uploads\/2025\/09\/sistema-B2CHAT-Diseno-2-450x550.jpg\" height=\"550\" width=\"450\" alt=\"\" class=\"slider-899 slide-908 msDefaultImage\" title=\"sistema B2CHAT (Dise\u00f1o 2)\" \/><\/li>\n                <li style=\"display: none; width: 100%;\" class=\"slide-902 ms-image \" aria-roledescription=\"slide\" data-date=\"2025-09-11 11:36:31\" data-filename=\"sistema-B2CHAT-Diseno-3-450x550.jpg\" data-slide-type=\"image\"><img loading=\"lazy\" decoding=\"async\" src=\"https:\/\/www.rstelecomunicaciones.com\/wp-content\/uploads\/2025\/09\/sistema-B2CHAT-Diseno-3-450x550.jpg\" height=\"550\" width=\"450\" alt=\"\" class=\"slider-899 slide-902 msDefaultImage\" title=\"sistema B2CHAT (Dise\u00f1o 3)\" \/><\/li>\n                <li style=\"display: none; width: 100%;\" class=\"slide-903 ms-image \" aria-roledescription=\"slide\" data-date=\"2025-09-11 11:36:41\" data-filename=\"sistema-B2CHAT-Diseno-4-450x550.jpg\" data-slide-type=\"image\"><img loading=\"lazy\" decoding=\"async\" src=\"https:\/\/www.rstelecomunicaciones.com\/wp-content\/uploads\/2025\/09\/sistema-B2CHAT-Diseno-4-450x550.jpg\" height=\"550\" width=\"450\" alt=\"\" class=\"slider-899 slide-903 msDefaultImage\" title=\"sistema B2CHAT (Dise\u00f1o 4)\" \/><\/li>\n                <li style=\"display: none; width: 100%;\" class=\"slide-905 ms-image \" aria-roledescription=\"slide\" data-date=\"2025-09-11 11:36:59\" data-filename=\"sistema-B2CHAT-Diseno-5-450x550.jpg\" data-slide-type=\"image\"><img loading=\"lazy\" decoding=\"async\" src=\"https:\/\/www.rstelecomunicaciones.com\/wp-content\/uploads\/2025\/09\/sistema-B2CHAT-Diseno-5-450x550.jpg\" height=\"550\" width=\"450\" alt=\"\" class=\"slider-899 slide-905 msDefaultImage\" title=\"sistema B2CHAT (Dise\u00f1o 5)\" \/><\/li>\n            <\/ul>\n        <\/div>\n        \n    <\/div>\n<\/div><\/div>\n<\/div>\n<\/div>\n<\/div>\n\n\n\n<div class=\"wp-block-group alignfull has-global-padding is-layout-constrained wp-block-group-is-layout-constrained\">\n<div class=\"wp-block-group has-global-padding is-layout-constrained wp-block-group-is-layout-constrained\" style=\"padding-top:var(--wp--preset--spacing--small);padding-bottom:var(--wp--preset--spacing--small)\">\n<div class=\"wp-block-columns is-layout-flex wp-container-core-columns-is-layout-c375d253 wp-block-columns-is-layout-flex\">\n<div class=\"wp-block-column is-vertically-aligned-center is-layout-flow wp-block-column-is-layout-flow\">\n<h2 class=\"wp-block-heading has-medium-font-size\" style=\"text-transform:uppercase\">NOSOTROS<\/h2>\n\n\n\n<p class=\"has-text-align-left\"><strong>R. S. T. ZOMAC S. A. S.<\/strong>&nbsp;es una empresa dedicada a la prestaci\u00f3n de servicios de telecomunicaciones en instalaciones y mantenimiento de equipos y redes. Para ello determina pertinente la implementaci\u00f3n y ejecuci\u00f3n de un sistema de calidad que le permita el desarrollo efectivo de cada uno de los procesos a nivel empresarial.<\/p>\n\n\n\n<div class=\"wp-block-buttons is-horizontal is-content-justification-left is-layout-flex wp-container-core-buttons-is-layout-20be11b6 wp-block-buttons-is-layout-flex\">\n<div class=\"wp-block-button is-style-outline is-style-outline--2\"><a class=\"wp-block-button__link wp-element-button\" href=\"https:\/\/www.rstelecomunicaciones.com\/?page_id=9\" style=\"border-radius:0px\">IR A NOSOTROS<\/a><\/div>\n<\/div>\n\n\n\n<p><\/p>\n<\/div>\n\n\n\n<div class=\"wp-block-column is-layout-flow wp-block-column-is-layout-flow\">\n<figure class=\"wp-block-image size-full is-resized\"><img loading=\"lazy\" decoding=\"async\" width=\"1080\" height=\"1350\" src=\"https:\/\/www.rstelecomunicaciones.com\/wp-content\/uploads\/2024\/10\/WhatsApp-Image-2024-10-30-at-2.15.25-PM.jpeg\" alt=\"\" class=\"wp-image-48\" style=\"width:421px;height:auto\"\/><\/figure>\n<\/div>\n<\/div>\n<\/div>\n<\/div>\n\n\n\n<div class=\"wp-block-group alignfull has-background has-global-padding is-layout-constrained wp-block-group-is-layout-constrained\" style=\"background-color:#e5f2ffbd\">\n<div class=\"wp-block-group has-global-padding is-layout-constrained wp-block-group-is-layout-constrained\" style=\"padding-top:var(--wp--preset--spacing--small);padding-bottom:var(--wp--preset--spacing--small)\">\n<div class=\"wp-block-columns are-vertically-aligned-center is-layout-flex wp-container-core-columns-is-layout-c375d253 wp-block-columns-is-layout-flex\">\n<div class=\"wp-block-column is-vertically-aligned-center is-layout-flow wp-block-column-is-layout-flow\">\n<figure class=\"wp-block-image aligncenter size-full is-resized\"><img loading=\"lazy\" decoding=\"async\" width=\"1172\" height=\"1600\" src=\"https:\/\/www.rstelecomunicaciones.com\/wp-content\/uploads\/2025\/09\/HOGAR.jpg\" alt=\"\" class=\"wp-image-884\" style=\"width:431px;height:auto\" srcset=\"https:\/\/www.rstelecomunicaciones.com\/wp-content\/uploads\/2025\/09\/HOGAR.jpg 1172w, https:\/\/www.rstelecomunicaciones.com\/wp-content\/uploads\/2025\/09\/HOGAR-220x300.jpg 220w, https:\/\/www.rstelecomunicaciones.com\/wp-content\/uploads\/2025\/09\/HOGAR-750x1024.jpg 750w\" sizes=\"auto, (max-width: 1172px) 100vw, 1172px\" \/><\/figure>\n<\/div>\n\n\n\n<div class=\"wp-block-column is-vertically-aligned-center is-layout-flow wp-block-column-is-layout-flow\">\n<h2 class=\"wp-block-heading has-medium-font-size\" style=\"text-transform:uppercase\">nUESTROS SERVICIOS<\/h2>\n\n\n\n<p>Regional de servicios de Telecomunicaciones (RST)&nbsp;ofrece servicios de Internet y telecomunicaciones de calidad a trav\u00e9s de fibra \u00f3ptica, Empresa Proveedora de Servicios de Internet (ISP), ubicada en Fortul (Arauca), Conectando personas y empresas a la red mundial de Fibra \u00f3ptica y con servicios inal\u00e1mbricos para el \u00e1rea urbana y rural, visitamos o escr\u00edbenos para m\u00e1s informaci\u00f3n&#8230;<\/p>\n\n\n\n<div class=\"wp-block-buttons is-layout-flex wp-block-buttons-is-layout-flex\">\n<div class=\"wp-block-button is-style-outline is-style-outline--3\"><a class=\"wp-block-button__link wp-element-button\" href=\"https:\/\/www.rstelecomunicaciones.com\/?page_id=92\" style=\"border-radius:0px\">IR A PLANES Y SERVICIOS<\/a><\/div>\n<\/div>\n<\/div>\n<\/div>\n<\/div>\n<\/div>\n\n\n\n<div style=\"height:33px\" aria-hidden=\"true\" class=\"wp-block-spacer\"><\/div>\n\n\n\n<div class=\"wp-block-buttons is-content-justification-center is-layout-flex wp-container-core-buttons-is-layout-a89b3969 wp-block-buttons-is-layout-flex\">\n<div class=\"wp-block-button\"><a class=\"wp-block-button__link has-background wp-element-button\" href=\"https:\/\/www.rstelecomunicaciones.com\/wp-content\/uploads\/2025\/01\/CONTRATO-RST-CORRESPONDENCIA-2024-FORMATO-1-3.pdf\" style=\"background-color:#1b05be\">MODELO DE CONTRATO<\/a><\/div>\n<\/div>\n\n\n\n<div id=\"team\" class=\"wp-block-group has-global-padding is-layout-constrained wp-block-group-is-layout-constrained\">\n<div class=\"wp-block-group is-layout-flow wp-block-group-is-layout-flow\">\n<h2 class=\"wp-block-heading\">Nuestro Equipo<\/h2>\n\n\n\n<div style=\"height:8px\" aria-hidden=\"true\" class=\"wp-block-spacer\"><\/div>\n\n\n\n<div style=\"height:0px\" aria-hidden=\"true\" class=\"wp-block-spacer\"><\/div>\n\n\n\n<div style=\"height:5px\" aria-hidden=\"true\" class=\"wp-block-spacer\"><\/div>\n<\/div>\n<\/div>\n\n\n\n<figure class=\"wp-block-image aligncenter size-large is-resized\"><img loading=\"lazy\" decoding=\"async\" width=\"1024\" height=\"576\" src=\"https:\/\/www.rstelecomunicaciones.com\/wp-content\/uploads\/2025\/09\/DSC7132-1-1024x576.jpg\" alt=\"\" class=\"wp-image-930\" style=\"width:1140px;height:auto\" srcset=\"https:\/\/www.rstelecomunicaciones.com\/wp-content\/uploads\/2025\/09\/DSC7132-1-1024x576.jpg 1024w, https:\/\/www.rstelecomunicaciones.com\/wp-content\/uploads\/2025\/09\/DSC7132-1-300x169.jpg 300w, https:\/\/www.rstelecomunicaciones.com\/wp-content\/uploads\/2025\/09\/DSC7132-1-2000x1125.jpg 2000w\" sizes=\"auto, (max-width: 1024px) 100vw, 1024px\" \/><\/figure>\n\n\n\n<div class=\"wp-block-cover alignfull has-parallax is-position-center-center\" style=\"border-radius:0px;min-height:468px;aspect-ratio:unset;\"><div class=\"wp-block-cover__image-background wp-image-315 has-parallax\" style=\"background-position:50% 50%;background-image:url(https:\/\/www.rstelecomunicaciones.com\/wp-content\/uploads\/2024\/10\/WhatsApp-Image-2024-10-30-at-2.20.43-PM-1.jpeg)\"><\/div><span aria-hidden=\"true\" class=\"wp-block-cover__background has-black-background-color has-background-dim-40 has-background-dim\"><\/span><div class=\"wp-block-cover__inner-container is-layout-flow wp-block-cover-is-layout-flow\">\n<div class=\"wp-block-group has-global-padding is-layout-constrained wp-block-group-is-layout-constrained\">\n<h3 class=\"wp-block-heading has-text-align-center has-text-color has-medium-font-size\" style=\"color:#fffffa;text-transform:uppercase\">\u00bfTe gustar\u00eda iniciar un proyecto con nosotros?<\/h3>\n\n\n\n<p class=\"has-text-align-center has-white-color has-text-color\">En infraestructura de red de fibra \u00f3ptica para internet y televisi\u00f3n, redes de radio enlace digital.<\/p>\n\n\n\n<div style=\"height:31px\" aria-hidden=\"true\" class=\"wp-block-spacer\"><\/div>\n\n\n\n<div class=\"wp-block-buttons is-horizontal is-content-justification-center is-layout-flex wp-container-core-buttons-is-layout-03627597 wp-block-buttons-is-layout-flex\">\n<div class=\"wp-block-button is-style-outline is-style-outline--4\"><a class=\"wp-block-button__link has-white-color has-text-color wp-element-button\" href=\"#\" style=\"border-radius:0px\">CONTACTANOS<\/a><\/div>\n<\/div>\n<\/div>\n<\/div><\/div>\n\n\n\n<p><\/p>\n","protected":false},"excerpt":{"rendered":"<p>\u00bfDe qu\u00e9 manera podemos ayudarte? NOSOTROS R. S. T. ZOMAC S. A. S.&nbsp;es una empresa dedicada a la prestaci\u00f3n de servicios de telecomunicaciones en instalaciones y mantenimiento de equipos y redes. Para ello determina pertinente la implementaci\u00f3n y ejecuci\u00f3n de un sistema de calidad que le permita el desarrollo efectivo de cada uno de los &hellip; <\/p>\n<p class=\"link-more\"><a href=\"https:\/\/www.rstelecomunicaciones.com\/\" class=\"more-link\">Leer m\u00e1s<span class=\"screen-reader-text\"> \u00abInicio\u00bb<\/span><\/a><\/p>\n","protected":false},"author":1,"featured_media":0,"parent":0,"menu_order":0,"comment_status":"closed","ping_status":"closed","template":"page-templates\/homepage-no-hero.php","meta":{"footnotes":""},"class_list":["post-8","page","type-page","status-publish","hentry"],"_links":{"self":[{"href":"https:\/\/www.rstelecomunicaciones.com\/index.php?rest_route=\/wp\/v2\/pages\/8","targetHints":{"allow":["GET"]}}],"collection":[{"href":"https:\/\/www.rstelecomunicaciones.com\/index.php?rest_route=\/wp\/v2\/pages"}],"about":[{"href":"https:\/\/www.rstelecomunicaciones.com\/index.php?rest_route=\/wp\/v2\/types\/page"}],"author":[{"embeddable":true,"href":"https:\/\/www.rstelecomunicaciones.com\/index.php?rest_route=\/wp\/v2\/users\/1"}],"replies":[{"embeddable":true,"href":"https:\/\/www.rstelecomunicaciones.com\/index.php?rest_route=%2Fwp%2Fv2%2Fcomments&post=8"}],"version-history":[{"count":146,"href":"https:\/\/www.rstelecomunicaciones.com\/index.php?rest_route=\/wp\/v2\/pages\/8\/revisions"}],"predecessor-version":[{"id":1031,"href":"https:\/\/www.rstelecomunicaciones.com\/index.php?rest_route=\/wp\/v2\/pages\/8\/revisions\/1031"}],"wp:attachment":[{"href":"https:\/\/www.rstelecomunicaciones.com\/index.php?rest_route=%2Fwp%2Fv2%2Fmedia&parent=8"}],"curies":[{"name":"wp","href":"https:\/\/api.w.org\/{rel}","templated":true}]}}