{"id":92,"date":"2024-10-30T16:23:04","date_gmt":"2024-10-30T21:23:04","guid":{"rendered":"http:\/\/localhost\/Proy_lili\/?page_id=92"},"modified":"2025-09-11T17:44:18","modified_gmt":"2025-09-11T22:44:18","slug":"planes-y-servicios","status":"publish","type":"page","link":"https:\/\/www.rstelecomunicaciones.com\/?page_id=92","title":{"rendered":"Planes y Servicios"},"content":{"rendered":"\n<div class=\"wp-block-columns is-layout-flex wp-container-core-columns-is-layout-28f84493 wp-block-columns-is-layout-flex\">\n<div class=\"wp-block-column is-layout-flow wp-block-column-is-layout-flow\">\n<figure class=\"wp-block-image aligncenter size-full is-resized has-custom-border is-style-default\"><img loading=\"lazy\" decoding=\"async\" width=\"1080\" height=\"1350\" src=\"https:\/\/www.rstelecomunicaciones.com\/wp-content\/uploads\/2024\/10\/WhatsApp-Image-2024-10-30-at-11.49.08-AM-1.jpeg\" alt=\"\" class=\"wp-image-35\" style=\"border-style:none;border-width:0px;width:320px;height:auto\"\/><\/figure>\n<\/div>\n\n\n\n<div class=\"wp-block-column is-layout-flow wp-block-column-is-layout-flow\">\n<h2 class=\"wp-block-heading\">PLANES HOGAR<\/h2>\n\n\n\n<p>Fibra \u00f3ptica al hogar (ftth) la mejor opci\u00f3n para sus dispositivos de casa, se parte de la red mundial de fibra \u00f3ptica ingresa a mas informaci\u00f3n y conoce los detalles.<\/p>\n\n\n\n<div class=\"wp-block-buttons is-layout-flex wp-block-buttons-is-layout-flex\">\n<div class=\"wp-block-button\"><a class=\"wp-block-button__link has-background wp-element-button\" href=\"https:\/\/api.whatsapp.com\/send\/?phone=573185991611&amp;text=%C2%A1Hola%21+%0D%0ABienvenido+a+R.S.T.+%0D%0A%C2%A1Gracias+por+preferirnos%21&amp;type=phone_number&amp;app_absent=0\" style=\"background-color:#0043d4\">M\u00c1S INFORMACI\u00d3N<\/a><\/div>\n<\/div>\n<\/div>\n<\/div>\n\n\n\n<div class=\"wp-block-columns is-layout-flex wp-container-core-columns-is-layout-28f84493 wp-block-columns-is-layout-flex\">\n<div class=\"wp-block-column is-layout-flow wp-block-column-is-layout-flow\">\n<figure class=\"wp-block-image aligncenter size-full is-resized\"><img loading=\"lazy\" decoding=\"async\" width=\"1080\" height=\"1350\" src=\"https:\/\/www.rstelecomunicaciones.com\/wp-content\/uploads\/2024\/10\/WhatsApp-Image-2024-10-30-at-11.49.08-AM-2.jpeg\" alt=\"\" class=\"wp-image-34\" style=\"width:321px;height:auto\"\/><\/figure>\n<\/div>\n\n\n\n<div class=\"wp-block-column is-layout-flow wp-block-column-is-layout-flow\">\n<h2 class=\"wp-block-heading\">PLANES NEGOCIO<\/h2>\n\n\n\n<p>La mejor alternativa para uso comercial con un reuso de 1:4, conexi\u00f3n (ftth) y tecnolog\u00eda gpon, ingresa a m\u00e1s informaci\u00f3n y conoce las caracter\u00edsticas.<\/p>\n\n\n\n<div class=\"wp-block-buttons is-layout-flex wp-block-buttons-is-layout-flex\">\n<div class=\"wp-block-button\"><a class=\"wp-block-button__link has-background wp-element-button\" href=\"https:\/\/api.whatsapp.com\/send\/?phone=573185991611&amp;text=%C2%A1Hola%21+%0D%0ABienvenido+a+R.S.T.+%0D%0A%C2%A1Gracias+por+preferirnos%21&amp;type=phone_number&amp;app_absent=0\" style=\"background-color:#0043d4\">M\u00c1S INFORMACI\u00d3N<\/a><\/div>\n<\/div>\n<\/div>\n<\/div>\n\n\n\n<div class=\"wp-block-columns is-layout-flex wp-container-core-columns-is-layout-28f84493 wp-block-columns-is-layout-flex\">\n<div class=\"wp-block-column is-layout-flow wp-block-column-is-layout-flow\">\n<figure class=\"wp-block-image aligncenter size-full is-resized\"><img loading=\"lazy\" decoding=\"async\" width=\"1080\" height=\"1350\" src=\"https:\/\/www.rstelecomunicaciones.com\/wp-content\/uploads\/2024\/10\/WhatsApp-Image-2024-10-30-at-11.49.08-AM.jpeg\" alt=\"\" class=\"wp-image-36\" style=\"width:320px;height:auto\"\/><\/figure>\n<\/div>\n\n\n\n<div class=\"wp-block-column is-layout-flow wp-block-column-is-layout-flow\">\n<h2 class=\"wp-block-heading\">PLAN DEDICADO<\/h2>\n\n\n\n<p>La velocidad en la transmisi\u00f3n de datos para carga y descarga es sim\u00e9trica, ingresa a mas&nbsp; informaci\u00f3n y conoce las soluciones que ofrece el plan dedicado.<\/p>\n\n\n\n<div class=\"wp-block-buttons is-layout-flex wp-block-buttons-is-layout-flex\">\n<div class=\"wp-block-button\"><a class=\"wp-block-button__link has-background wp-element-button\" href=\"https:\/\/api.whatsapp.com\/send\/?phone=573185991611&amp;text=%C2%A1Hola%21+%0D%0ABienvenido+a+R.S.T.+%0D%0A%C2%A1Gracias+por+preferirnos%21&amp;type=phone_number&amp;app_absent=0\" style=\"background-color:#0043d4\">M\u00c1S INFORMACI\u00d3N<\/a><\/div>\n<\/div>\n<\/div>\n<\/div>\n\n\n\n<div class=\"wp-block-columns is-layout-flex wp-container-core-columns-is-layout-28f84493 wp-block-columns-is-layout-flex\">\n<div class=\"wp-block-column is-vertically-aligned-stretch is-layout-flow wp-block-column-is-layout-flow\">\n<figure class=\"wp-block-image aligncenter size-large is-resized\"><img loading=\"lazy\" decoding=\"async\" width=\"787\" height=\"1024\" src=\"https:\/\/www.rstelecomunicaciones.com\/wp-content\/uploads\/2025\/09\/tv-787x1024.jpg\" alt=\"\" class=\"wp-image-927\" style=\"width:320px;height:auto\" srcset=\"https:\/\/www.rstelecomunicaciones.com\/wp-content\/uploads\/2025\/09\/tv-787x1024.jpg 787w, https:\/\/www.rstelecomunicaciones.com\/wp-content\/uploads\/2025\/09\/tv-231x300.jpg 231w, https:\/\/www.rstelecomunicaciones.com\/wp-content\/uploads\/2025\/09\/tv.jpg 984w\" sizes=\"auto, (max-width: 787px) 100vw, 787px\" \/><\/figure>\n<\/div>\n\n\n\n<div class=\"wp-block-column is-layout-flow wp-block-column-is-layout-flow\">\n<h2 class=\"wp-block-heading\">TELEVISI\u00d3N DIGITAL<\/h2>\n\n\n\n<p>Ofrecemos televisi\u00f3n digital en alta definici\u00f3n con amplia variedad de canales, se\u00f1al estable y planes flexibles que se adaptan a cada necesidad, respaldados por un soporte t\u00e9cnico confiable..<\/p>\n\n\n\n<div class=\"wp-block-buttons is-layout-flex wp-block-buttons-is-layout-flex\">\n<div class=\"wp-block-button\"><a class=\"wp-block-button__link has-background wp-element-button\" href=\"https:\/\/api.whatsapp.com\/send\/?phone=573185991611&amp;text=%C2%A1Hola%21+%0D%0ABienvenido+a+R.S.T.+%0D%0A%C2%A1Gracias+por+preferirnos%21&amp;type=phone_number&amp;app_absent=0\" style=\"background-color:#0043d4\">M\u00c1S INFORMACI\u00d3N<\/a><\/div>\n<\/div>\n<\/div>\n<\/div>\n","protected":false},"excerpt":{"rendered":"<p>PLANES HOGAR Fibra \u00f3ptica al hogar (ftth) la mejor opci\u00f3n para sus dispositivos de casa, se parte de la red mundial de fibra \u00f3ptica ingresa a mas informaci\u00f3n y conoce los detalles. PLANES NEGOCIO La mejor alternativa para uso comercial con un reuso de 1:4, conexi\u00f3n (ftth) y tecnolog\u00eda gpon, ingresa a m\u00e1s informaci\u00f3n y &hellip; <\/p>\n<p class=\"link-more\"><a href=\"https:\/\/www.rstelecomunicaciones.com\/?page_id=92\" class=\"more-link\">Leer m\u00e1s<span class=\"screen-reader-text\"> \u00abPlanes y Servicios\u00bb<\/span><\/a><\/p>\n","protected":false},"author":1,"featured_media":127,"parent":0,"menu_order":0,"comment_status":"closed","ping_status":"closed","template":"","meta":{"footnotes":""},"class_list":["post-92","page","type-page","status-publish","has-post-thumbnail","hentry"],"_links":{"self":[{"href":"https:\/\/www.rstelecomunicaciones.com\/index.php?rest_route=\/wp\/v2\/pages\/92","targetHints":{"allow":["GET"]}}],"collection":[{"href":"https:\/\/www.rstelecomunicaciones.com\/index.php?rest_route=\/wp\/v2\/pages"}],"about":[{"href":"https:\/\/www.rstelecomunicaciones.com\/index.php?rest_route=\/wp\/v2\/types\/page"}],"author":[{"embeddable":true,"href":"https:\/\/www.rstelecomunicaciones.com\/index.php?rest_route=\/wp\/v2\/users\/1"}],"replies":[{"embeddable":true,"href":"https:\/\/www.rstelecomunicaciones.com\/index.php?rest_route=%2Fwp%2Fv2%2Fcomments&post=92"}],"version-history":[{"count":25,"href":"https:\/\/www.rstelecomunicaciones.com\/index.php?rest_route=\/wp\/v2\/pages\/92\/revisions"}],"predecessor-version":[{"id":928,"href":"https:\/\/www.rstelecomunicaciones.com\/index.php?rest_route=\/wp\/v2\/pages\/92\/revisions\/928"}],"wp:featuredmedia":[{"embeddable":true,"href":"https:\/\/www.rstelecomunicaciones.com\/index.php?rest_route=\/wp\/v2\/media\/127"}],"wp:attachment":[{"href":"https:\/\/www.rstelecomunicaciones.com\/index.php?rest_route=%2Fwp%2Fv2%2Fmedia&parent=92"}],"curies":[{"name":"wp","href":"https:\/\/api.w.org\/{rel}","templated":true}]}}